{"id":1496,"date":"2022-05-19T18:48:13","date_gmt":"2022-05-19T16:48:13","guid":{"rendered":"https:\/\/wendy-higbee.com\/nihonga-by-wendy\/"},"modified":"2022-09-29T21:38:45","modified_gmt":"2022-09-29T19:38:45","slug":"nihonga-by-wendy","status":"publish","type":"page","link":"https:\/\/wendy-higbee.com\/en\/nihonga-by-wendy\/","title":{"rendered":"Nihonga by Wendy"},"content":{"rendered":"<p>Fumiyo Yoshikawa accept de prendre Wendy en \u00e9l\u00e8ve pour l\u00e9gu\u00e9 la science du Nihonga. FUMIYO est n\u00e9e a Kyoto et \u00e9tudie \u00e0 Kyoto universit\u00e9.<br \/>\n<img decoding=\"async\" class=\"alignleft size-thumbnail wp-image-694\" src=\"https:\/\/wendy-higbee.com\/wp-content\/uploads\/2022\/07\/4A47D6AF-7961-4076-9A15-0A537777314E-150x150.jpeg\" alt=\"\" width=\"150\" height=\"150\" srcset=\"https:\/\/wendy-higbee.com\/wp-content\/uploads\/2022\/07\/4A47D6AF-7961-4076-9A15-0A537777314E-150x150.jpeg 150w, https:\/\/wendy-higbee.com\/wp-content\/uploads\/2022\/07\/4A47D6AF-7961-4076-9A15-0A537777314E-300x300.jpeg 300w, https:\/\/wendy-higbee.com\/wp-content\/uploads\/2022\/07\/4A47D6AF-7961-4076-9A15-0A537777314E-100x100.jpeg 100w, https:\/\/wendy-higbee.com\/wp-content\/uploads\/2022\/07\/4A47D6AF-7961-4076-9A15-0A537777314E-600x600.jpeg 600w, https:\/\/wendy-higbee.com\/wp-content\/uploads\/2022\/07\/4A47D6AF-7961-4076-9A15-0A537777314E-768x768.jpeg 768w, https:\/\/wendy-higbee.com\/wp-content\/uploads\/2022\/07\/4A47D6AF-7961-4076-9A15-0A537777314E-555x555.jpeg 555w, https:\/\/wendy-higbee.com\/wp-content\/uploads\/2022\/07\/4A47D6AF-7961-4076-9A15-0A537777314E-110x110.jpeg 110w, https:\/\/wendy-higbee.com\/wp-content\/uploads\/2022\/07\/4A47D6AF-7961-4076-9A15-0A537777314E-410x410.jpeg 410w, https:\/\/wendy-higbee.com\/wp-content\/uploads\/2022\/07\/4A47D6AF-7961-4076-9A15-0A537777314E-32x32.jpeg 32w, https:\/\/wendy-higbee.com\/wp-content\/uploads\/2022\/07\/4A47D6AF-7961-4076-9A15-0A537777314E.jpeg 960w\" sizes=\"(max-width: 150px) 100vw, 150px\" \/><\/p>\n","protected":false},"excerpt":{"rendered":"<p>Fumiyo Yoshikawa accept de prendre Wendy en \u00e9l\u00e8ve pour l\u00e9gu\u00e9 la science du Nihonga. FUMIYO est n\u00e9e a Kyoto et \u00e9tudie \u00e0 Kyoto universit\u00e9.<\/p>\n","protected":false},"author":1,"featured_media":694,"parent":0,"menu_order":0,"comment_status":"closed","ping_status":"closed","template":"template-parent.php","meta":{"_acf_changed":false,"footnotes":""},"class_list":["post-1496","page","type-page","status-publish","has-post-thumbnail","hentry"],"acf":[],"yoast_head":"<!-- This site is optimized with the Yoast SEO plugin v27.1.1 - https:\/\/yoast.com\/product\/yoast-seo-wordpress\/ -->\n<title>Nihonga by Wendy - Wendy Higbee<\/title>\n<meta name=\"robots\" content=\"index, follow, max-snippet:-1, max-image-preview:large, max-video-preview:-1\" \/>\n<link rel=\"canonical\" href=\"https:\/\/wendy-higbee.com\/en\/nihonga-by-wendy\/\" \/>\n<meta property=\"og:locale\" content=\"en_US\" \/>\n<meta property=\"og:type\" content=\"article\" \/>\n<meta property=\"og:title\" content=\"Nihonga by Wendy - Wendy Higbee\" \/>\n<meta property=\"og:description\" content=\"Fumiyo Yoshikawa accept de prendre Wendy en \u00e9l\u00e8ve pour l\u00e9gu\u00e9 la science du Nihonga. FUMIYO est n\u00e9e a Kyoto et \u00e9tudie \u00e0 Kyoto universit\u00e9.\" \/>\n<meta property=\"og:url\" content=\"https:\/\/wendy-higbee.com\/en\/nihonga-by-wendy\/\" \/>\n<meta property=\"og:site_name\" content=\"Wendy Higbee\" \/>\n<meta property=\"article:modified_time\" content=\"2022-09-29T19:38:45+00:00\" \/>\n<meta property=\"og:image\" content=\"https:\/\/wendy-higbee.com\/wp-content\/uploads\/2022\/07\/4A47D6AF-7961-4076-9A15-0A537777314E.jpeg\" \/>\n\t<meta property=\"og:image:width\" content=\"960\" \/>\n\t<meta property=\"og:image:height\" content=\"960\" \/>\n\t<meta property=\"og:image:type\" content=\"image\/jpeg\" \/>\n<meta name=\"twitter:card\" content=\"summary_large_image\" \/>\n<meta name=\"twitter:label1\" content=\"Est. reading time\" \/>\n\t<meta name=\"twitter:data1\" content=\"1 minute\" \/>\n<script type=\"application\/ld+json\" class=\"yoast-schema-graph\">{\"@context\":\"https:\/\/schema.org\",\"@graph\":[{\"@type\":\"WebPage\",\"@id\":\"https:\/\/wendy-higbee.com\/en\/nihonga-by-wendy\/\",\"url\":\"https:\/\/wendy-higbee.com\/en\/nihonga-by-wendy\/\",\"name\":\"Nihonga by Wendy - Wendy Higbee\",\"isPartOf\":{\"@id\":\"https:\/\/wendy-higbee.com\/en\/#website\"},\"primaryImageOfPage\":{\"@id\":\"https:\/\/wendy-higbee.com\/en\/nihonga-by-wendy\/#primaryimage\"},\"image\":{\"@id\":\"https:\/\/wendy-higbee.com\/en\/nihonga-by-wendy\/#primaryimage\"},\"thumbnailUrl\":\"https:\/\/wendy-higbee.com\/wp-content\/uploads\/2022\/07\/4A47D6AF-7961-4076-9A15-0A537777314E.jpeg\",\"datePublished\":\"2022-05-19T16:48:13+00:00\",\"dateModified\":\"2022-09-29T19:38:45+00:00\",\"breadcrumb\":{\"@id\":\"https:\/\/wendy-higbee.com\/en\/nihonga-by-wendy\/#breadcrumb\"},\"inLanguage\":\"en-US\",\"potentialAction\":[{\"@type\":\"ReadAction\",\"target\":[\"https:\/\/wendy-higbee.com\/en\/nihonga-by-wendy\/\"]}]},{\"@type\":\"ImageObject\",\"inLanguage\":\"en-US\",\"@id\":\"https:\/\/wendy-higbee.com\/en\/nihonga-by-wendy\/#primaryimage\",\"url\":\"https:\/\/wendy-higbee.com\/wp-content\/uploads\/2022\/07\/4A47D6AF-7961-4076-9A15-0A537777314E.jpeg\",\"contentUrl\":\"https:\/\/wendy-higbee.com\/wp-content\/uploads\/2022\/07\/4A47D6AF-7961-4076-9A15-0A537777314E.jpeg\",\"width\":960,\"height\":960},{\"@type\":\"BreadcrumbList\",\"@id\":\"https:\/\/wendy-higbee.com\/en\/nihonga-by-wendy\/#breadcrumb\",\"itemListElement\":[{\"@type\":\"ListItem\",\"position\":1,\"name\":\"Home\",\"item\":\"https:\/\/wendy-higbee.com\/en\/\"},{\"@type\":\"ListItem\",\"position\":2,\"name\":\"Nihonga by Wendy\"}]},{\"@type\":\"WebSite\",\"@id\":\"https:\/\/wendy-higbee.com\/en\/#website\",\"url\":\"https:\/\/wendy-higbee.com\/en\/\",\"name\":\"Wendy Higbee\",\"description\":\"Murmures de papier\",\"potentialAction\":[{\"@type\":\"SearchAction\",\"target\":{\"@type\":\"EntryPoint\",\"urlTemplate\":\"https:\/\/wendy-higbee.com\/en\/?s={search_term_string}\"},\"query-input\":{\"@type\":\"PropertyValueSpecification\",\"valueRequired\":true,\"valueName\":\"search_term_string\"}}],\"inLanguage\":\"en-US\"}]}<\/script>\n<!-- \/ Yoast SEO plugin. -->","yoast_head_json":{"title":"Nihonga by Wendy - Wendy Higbee","robots":{"index":"index","follow":"follow","max-snippet":"max-snippet:-1","max-image-preview":"max-image-preview:large","max-video-preview":"max-video-preview:-1"},"canonical":"https:\/\/wendy-higbee.com\/en\/nihonga-by-wendy\/","og_locale":"en_US","og_type":"article","og_title":"Nihonga by Wendy - Wendy Higbee","og_description":"Fumiyo Yoshikawa accept de prendre Wendy en \u00e9l\u00e8ve pour l\u00e9gu\u00e9 la science du Nihonga. FUMIYO est n\u00e9e a Kyoto et \u00e9tudie \u00e0 Kyoto universit\u00e9.","og_url":"https:\/\/wendy-higbee.com\/en\/nihonga-by-wendy\/","og_site_name":"Wendy Higbee","article_modified_time":"2022-09-29T19:38:45+00:00","og_image":[{"width":960,"height":960,"url":"https:\/\/wendy-higbee.com\/wp-content\/uploads\/2022\/07\/4A47D6AF-7961-4076-9A15-0A537777314E.jpeg","type":"image\/jpeg"}],"twitter_card":"summary_large_image","twitter_misc":{"Est. reading time":"1 minute"},"schema":{"@context":"https:\/\/schema.org","@graph":[{"@type":"WebPage","@id":"https:\/\/wendy-higbee.com\/en\/nihonga-by-wendy\/","url":"https:\/\/wendy-higbee.com\/en\/nihonga-by-wendy\/","name":"Nihonga by Wendy - Wendy Higbee","isPartOf":{"@id":"https:\/\/wendy-higbee.com\/en\/#website"},"primaryImageOfPage":{"@id":"https:\/\/wendy-higbee.com\/en\/nihonga-by-wendy\/#primaryimage"},"image":{"@id":"https:\/\/wendy-higbee.com\/en\/nihonga-by-wendy\/#primaryimage"},"thumbnailUrl":"https:\/\/wendy-higbee.com\/wp-content\/uploads\/2022\/07\/4A47D6AF-7961-4076-9A15-0A537777314E.jpeg","datePublished":"2022-05-19T16:48:13+00:00","dateModified":"2022-09-29T19:38:45+00:00","breadcrumb":{"@id":"https:\/\/wendy-higbee.com\/en\/nihonga-by-wendy\/#breadcrumb"},"inLanguage":"en-US","potentialAction":[{"@type":"ReadAction","target":["https:\/\/wendy-higbee.com\/en\/nihonga-by-wendy\/"]}]},{"@type":"ImageObject","inLanguage":"en-US","@id":"https:\/\/wendy-higbee.com\/en\/nihonga-by-wendy\/#primaryimage","url":"https:\/\/wendy-higbee.com\/wp-content\/uploads\/2022\/07\/4A47D6AF-7961-4076-9A15-0A537777314E.jpeg","contentUrl":"https:\/\/wendy-higbee.com\/wp-content\/uploads\/2022\/07\/4A47D6AF-7961-4076-9A15-0A537777314E.jpeg","width":960,"height":960},{"@type":"BreadcrumbList","@id":"https:\/\/wendy-higbee.com\/en\/nihonga-by-wendy\/#breadcrumb","itemListElement":[{"@type":"ListItem","position":1,"name":"Home","item":"https:\/\/wendy-higbee.com\/en\/"},{"@type":"ListItem","position":2,"name":"Nihonga by Wendy"}]},{"@type":"WebSite","@id":"https:\/\/wendy-higbee.com\/en\/#website","url":"https:\/\/wendy-higbee.com\/en\/","name":"Wendy Higbee","description":"Murmures de papier","potentialAction":[{"@type":"SearchAction","target":{"@type":"EntryPoint","urlTemplate":"https:\/\/wendy-higbee.com\/en\/?s={search_term_string}"},"query-input":{"@type":"PropertyValueSpecification","valueRequired":true,"valueName":"search_term_string"}}],"inLanguage":"en-US"}]}},"_links":{"self":[{"href":"https:\/\/wendy-higbee.com\/en\/wp-json\/wp\/v2\/pages\/1496","targetHints":{"allow":["GET"]}}],"collection":[{"href":"https:\/\/wendy-higbee.com\/en\/wp-json\/wp\/v2\/pages"}],"about":[{"href":"https:\/\/wendy-higbee.com\/en\/wp-json\/wp\/v2\/types\/page"}],"author":[{"embeddable":true,"href":"https:\/\/wendy-higbee.com\/en\/wp-json\/wp\/v2\/users\/1"}],"replies":[{"embeddable":true,"href":"https:\/\/wendy-higbee.com\/en\/wp-json\/wp\/v2\/comments?post=1496"}],"version-history":[{"count":1,"href":"https:\/\/wendy-higbee.com\/en\/wp-json\/wp\/v2\/pages\/1496\/revisions"}],"predecessor-version":[{"id":1498,"href":"https:\/\/wendy-higbee.com\/en\/wp-json\/wp\/v2\/pages\/1496\/revisions\/1498"}],"wp:featuredmedia":[{"embeddable":true,"href":"https:\/\/wendy-higbee.com\/en\/wp-json\/wp\/v2\/media\/694"}],"wp:attachment":[{"href":"https:\/\/wendy-higbee.com\/en\/wp-json\/wp\/v2\/media?parent=1496"}],"curies":[{"name":"wp","href":"https:\/\/api.w.org\/{rel}","templated":true}]}}